{"id":214,"date":"2023-09-14T19:53:50","date_gmt":"2023-09-14T19:53:50","guid":{"rendered":"https:\/\/personalexpress.eu\/?page_id=214"},"modified":"2026-03-11T14:38:06","modified_gmt":"2026-03-11T14:38:06","slug":"impressum","status":"publish","type":"page","link":"https:\/\/personalexpress.de\/ro\/impressum\/","title":{"rendered":"Imprimare"},"content":{"rendered":"<div data-elementor-type=\"wp-page\" data-elementor-id=\"214\" class=\"elementor elementor-214\" data-elementor-post-type=\"page\">\n\t\t\t\t\t\t<section class=\"elementor-section elementor-top-section elementor-element elementor-element-6c22f2c elementor-section-content-middle elementor-section-boxed elementor-section-height-default elementor-section-height-default\" data-id=\"6c22f2c\" data-element_type=\"section\" data-e-type=\"section\">\n\t\t\t\t\t\t<div class=\"elementor-container elementor-column-gap-default\">\n\t\t\t\t\t<div class=\"elementor-column elementor-col-100 elementor-top-column elementor-element elementor-element-d5ed7c1\" data-id=\"d5ed7c1\" data-element_type=\"column\" data-e-type=\"column\">\n\t\t\t<div class=\"elementor-widget-wrap elementor-element-populated\">\n\t\t\t\t\t\t<div class=\"elementor-element elementor-element-dc5f52c elementor-widget elementor-widget-heading\" data-id=\"dc5f52c\" data-element_type=\"widget\" data-e-type=\"widget\" data-widget_type=\"heading.default\">\n\t\t\t\t<div class=\"elementor-widget-container\">\n\t\t\t\t\t<h1 class=\"elementor-heading-title elementor-size-default\">Imprimare<\/h1>\t\t\t\t<\/div>\n\t\t\t\t<\/div>\n\t\t\t\t<div class=\"elementor-element elementor-element-2919016 elementor-widget elementor-widget-html\" data-id=\"2919016\" data-element_type=\"widget\" data-e-type=\"widget\" data-widget_type=\"html.default\">\n\t\t\t\t<div class=\"elementor-widget-container\">\n\t\t\t\t\t<style>\n    \n    .cmplz-cookiebanner{\n        display: none!important;\n        \n    }\n    \n    \n    \n<\/style>\t\t\t\t<\/div>\n\t\t\t\t<\/div>\n\t\t\t\t<div class=\"elementor-element elementor-element-8fc2050 elementor-widget elementor-widget-text-editor\" data-id=\"8fc2050\" data-element_type=\"widget\" data-e-type=\"widget\" data-widget_type=\"text-editor.default\">\n\t\t\t\t<div class=\"elementor-widget-container\">\n\t\t\t\t\t\t\t\t\t<p><strong>Personalexpress KG<br \/><\/strong>August-L\u00e4mmle-Strasse 8<br \/>72658 Bempflingen<\/p><p><strong>E-mail:\u00a0<\/strong><a href=\"mailto:info@personalexpress.de\">info@personalexpress.de<br \/><\/a><strong>Telefon: <\/strong>+49 7123 2703030<\/p><p><strong>Partener de management:<\/strong><br \/>Bettina Schippers (operator al site-ului)<\/p><p><strong>ID TVA:<\/strong>\u00a0RO 814587900<\/p><p><strong>HRA:<\/strong>\u00a0222594 Stuttgart<br \/>A fost ob\u021binut\u0103 o autoriza\u021bie nelimitat\u0103 de angajare a angaja\u021bilor de la Agen\u021bia Federal\u0103 pentru Ocuparea For\u021bei de Munc\u0103 din N\u00fcrnberg.<\/p><p><strong>Aviz de r\u0103spundere<\/strong><br \/>\u00cen ciuda controlului atent al con\u021binutului, nu ne asum\u0103m nicio responsabilitate pentru con\u021binutul link-urilor externe. Operatorii paginilor legate sunt singurii responsabili pentru con\u021binutul acestora.<\/p><p><strong>Dispute<\/strong><br \/>Aici, \u00een calitate de consumator, vi se ofer\u0103 posibilitatea de a v\u0103 adresa unei comisii de conciliere \u00een cazul unor litigii cu noi:\u00a0<a href=\"https:\/\/ec.europa.eu\/consumers\/odr\/\" target=\"_blank\" rel=\"noreferrer noopener\">https:\/\/ec.europa.eu\/consumers\/odr\/<\/a>.<\/p>\t\t\t\t\t\t\t\t<\/div>\n\t\t\t\t<\/div>\n\t\t\t\t\t<\/div>\n\t\t<\/div>\n\t\t\t\t\t<\/div>\n\t\t<\/section>\n\t\t\t\t<\/div>","protected":false},"excerpt":{"rendered":"<p>Impressum Personalexpress KGAugust-L\u00e4mmle-Stra\u00dfe 872658\u00a0Bempflingen E-Mail:\u00a0info@personalexpress.deTelefon: +49 7123 2703030 Gesch\u00e4ftsf\u00fchrende Gesellschafterin:Bettina Schippers\u00a0(Betreiber der Website) Umsatzsteuer-ID:\u00a0DE 814587900 HRA:\u00a0222594 StuttgartEine unbefristete Erlaubnis zur Arbeitnehmer\u00fcberlassung liegt bei der Bundesagentur f\u00fcr Arbeit, N\u00fcrnberg vor. HaftungshinweisTrotz sorgf\u00e4ltiger inhaltlicher Kontrolle \u00fcbernehmen wir keine Haftung f\u00fcr die Inhalte externer Links. F\u00fcr den Inhalt der verlinkten Seiten sind ausschlie\u00dflich deren Betreiber verantwortlich. StreitigkeitenHier erhalten [&hellip;]<\/p>\n","protected":false},"author":1,"featured_media":0,"parent":0,"menu_order":0,"comment_status":"closed","ping_status":"closed","template":"","meta":{"footnotes":""},"class_list":["post-214","page","type-page","status-publish","hentry"],"_links":{"self":[{"href":"https:\/\/personalexpress.de\/ro\/wp-json\/wp\/v2\/pages\/214","targetHints":{"allow":["GET"]}}],"collection":[{"href":"https:\/\/personalexpress.de\/ro\/wp-json\/wp\/v2\/pages"}],"about":[{"href":"https:\/\/personalexpress.de\/ro\/wp-json\/wp\/v2\/types\/page"}],"author":[{"embeddable":true,"href":"https:\/\/personalexpress.de\/ro\/wp-json\/wp\/v2\/users\/1"}],"replies":[{"embeddable":true,"href":"https:\/\/personalexpress.de\/ro\/wp-json\/wp\/v2\/comments?post=214"}],"version-history":[{"count":46,"href":"https:\/\/personalexpress.de\/ro\/wp-json\/wp\/v2\/pages\/214\/revisions"}],"predecessor-version":[{"id":728,"href":"https:\/\/personalexpress.de\/ro\/wp-json\/wp\/v2\/pages\/214\/revisions\/728"}],"wp:attachment":[{"href":"https:\/\/personalexpress.de\/ro\/wp-json\/wp\/v2\/media?parent=214"}],"curies":[{"name":"wp","href":"https:\/\/api.w.org\/{rel}","templated":true}]}}