{"id":214,"date":"2023-09-14T19:53:50","date_gmt":"2023-09-14T19:53:50","guid":{"rendered":"https:\/\/personalexpress.eu\/?page_id=214"},"modified":"2026-03-11T14:38:06","modified_gmt":"2026-03-11T14:38:06","slug":"impressum","status":"publish","type":"page","link":"https:\/\/personalexpress.de\/it\/impressum\/","title":{"rendered":"Impronta"},"content":{"rendered":"<div data-elementor-type=\"wp-page\" data-elementor-id=\"214\" class=\"elementor elementor-214\" data-elementor-post-type=\"page\">\n\t\t\t\t\t\t<section class=\"elementor-section elementor-top-section elementor-element elementor-element-6c22f2c elementor-section-content-middle elementor-section-boxed elementor-section-height-default elementor-section-height-default\" data-id=\"6c22f2c\" data-element_type=\"section\" data-e-type=\"section\">\n\t\t\t\t\t\t<div class=\"elementor-container elementor-column-gap-default\">\n\t\t\t\t\t<div class=\"elementor-column elementor-col-100 elementor-top-column elementor-element elementor-element-d5ed7c1\" data-id=\"d5ed7c1\" data-element_type=\"column\" data-e-type=\"column\">\n\t\t\t<div class=\"elementor-widget-wrap elementor-element-populated\">\n\t\t\t\t\t\t<div class=\"elementor-element elementor-element-dc5f52c elementor-widget elementor-widget-heading\" data-id=\"dc5f52c\" data-element_type=\"widget\" data-e-type=\"widget\" data-widget_type=\"heading.default\">\n\t\t\t\t<div class=\"elementor-widget-container\">\n\t\t\t\t\t<h1 class=\"elementor-heading-title elementor-size-default\">Impronta<\/h1>\t\t\t\t<\/div>\n\t\t\t\t<\/div>\n\t\t\t\t<div class=\"elementor-element elementor-element-2919016 elementor-widget elementor-widget-html\" data-id=\"2919016\" data-element_type=\"widget\" data-e-type=\"widget\" data-widget_type=\"html.default\">\n\t\t\t\t<div class=\"elementor-widget-container\">\n\t\t\t\t\t<style>\n    \n    .cmplz-cookiebanner{\n        display: none!important;\n        \n    }\n    \n    \n    \n<\/style>\t\t\t\t<\/div>\n\t\t\t\t<\/div>\n\t\t\t\t<div class=\"elementor-element elementor-element-8fc2050 elementor-widget elementor-widget-text-editor\" data-id=\"8fc2050\" data-element_type=\"widget\" data-e-type=\"widget\" data-widget_type=\"text-editor.default\">\n\t\t\t\t<div class=\"elementor-widget-container\">\n\t\t\t\t\t\t\t\t\t<p><strong>Personalexpress KG<br \/><\/strong>August-L\u00e4mmle-Strasse 8<br \/>72658 Bempflingen<\/p><p><strong>E-mail:\u00a0<\/strong><a href=\"mailto:info@personalexpress.de\">info@personalexpress.de<br \/><\/a><strong>Telefono: <\/strong>+49 7123 2703030<\/p><p><strong>Socio dirigente:<\/strong><br \/>Bettina Schippers (operatore del sito web)<\/p><p><strong>ID IVA:<\/strong>\u00a0IT 814587900<\/p><p><strong>HRA:<\/strong>\u00a0222594 Stoccarda<br \/>Un permesso illimitato per l'impiego temporaneo \u00e8 stato ottenuto dall'Agenzia Federale del Lavoro di Norimberga.<\/p><p><strong>Avviso di responsabilit\u00e0<\/strong><br \/>Nonostante l'attento controllo dei contenuti, non ci assumiamo alcuna responsabilit\u00e0 per il contenuto dei link esterni. Gli operatori delle pagine collegate sono gli unici responsabili del loro contenuto.<\/p><p><strong>Controversie<\/strong><br \/>In questo caso, lei come consumatore ha la possibilit\u00e0 di rivolgersi a un comitato di conciliazione in caso di controversie con noi:\u00a0<a href=\"https:\/\/ec.europa.eu\/consumers\/odr\/\" target=\"_blank\" rel=\"noreferrer noopener\">https:\/\/ec.europa.eu\/consumers\/odr\/<\/a>.<\/p>\t\t\t\t\t\t\t\t<\/div>\n\t\t\t\t<\/div>\n\t\t\t\t\t<\/div>\n\t\t<\/div>\n\t\t\t\t\t<\/div>\n\t\t<\/section>\n\t\t\t\t<\/div>","protected":false},"excerpt":{"rendered":"<p>Impressum Personalexpress KGAugust-L\u00e4mmle-Stra\u00dfe 872658\u00a0Bempflingen E-Mail:\u00a0info@personalexpress.deTelefon: +49 7123 2703030 Gesch\u00e4ftsf\u00fchrende Gesellschafterin:Bettina Schippers\u00a0(Betreiber der Website) Umsatzsteuer-ID:\u00a0DE 814587900 HRA:\u00a0222594 StuttgartEine unbefristete Erlaubnis zur Arbeitnehmer\u00fcberlassung liegt bei der Bundesagentur f\u00fcr Arbeit, N\u00fcrnberg vor. HaftungshinweisTrotz sorgf\u00e4ltiger inhaltlicher Kontrolle \u00fcbernehmen wir keine Haftung f\u00fcr die Inhalte externer Links. F\u00fcr den Inhalt der verlinkten Seiten sind ausschlie\u00dflich deren Betreiber verantwortlich. StreitigkeitenHier erhalten [&hellip;]<\/p>\n","protected":false},"author":1,"featured_media":0,"parent":0,"menu_order":0,"comment_status":"closed","ping_status":"closed","template":"","meta":{"footnotes":""},"class_list":["post-214","page","type-page","status-publish","hentry"],"_links":{"self":[{"href":"https:\/\/personalexpress.de\/it\/wp-json\/wp\/v2\/pages\/214","targetHints":{"allow":["GET"]}}],"collection":[{"href":"https:\/\/personalexpress.de\/it\/wp-json\/wp\/v2\/pages"}],"about":[{"href":"https:\/\/personalexpress.de\/it\/wp-json\/wp\/v2\/types\/page"}],"author":[{"embeddable":true,"href":"https:\/\/personalexpress.de\/it\/wp-json\/wp\/v2\/users\/1"}],"replies":[{"embeddable":true,"href":"https:\/\/personalexpress.de\/it\/wp-json\/wp\/v2\/comments?post=214"}],"version-history":[{"count":46,"href":"https:\/\/personalexpress.de\/it\/wp-json\/wp\/v2\/pages\/214\/revisions"}],"predecessor-version":[{"id":728,"href":"https:\/\/personalexpress.de\/it\/wp-json\/wp\/v2\/pages\/214\/revisions\/728"}],"wp:attachment":[{"href":"https:\/\/personalexpress.de\/it\/wp-json\/wp\/v2\/media?parent=214"}],"curies":[{"name":"wp","href":"https:\/\/api.w.org\/{rel}","templated":true}]}}