{"id":102,"date":"2023-09-14T16:06:05","date_gmt":"2023-09-14T16:06:05","guid":{"rendered":"https:\/\/personalexpress.eu\/?page_id=102"},"modified":"2025-04-03T14:13:43","modified_gmt":"2025-04-03T14:13:43","slug":"bewerber","status":"publish","type":"page","link":"https:\/\/personalexpress.de\/hu\/bewerber\/","title":{"rendered":"P\u00e1ly\u00e1z\u00f3k"},"content":{"rendered":"<div data-elementor-type=\"wp-page\" data-elementor-id=\"102\" class=\"elementor elementor-102\" data-elementor-post-type=\"page\">\n\t\t\t\t\t\t<section class=\"elementor-section elementor-top-section elementor-element elementor-element-3dc19eef elementor-section-content-middle elementor-section-boxed elementor-section-height-default elementor-section-height-default\" data-id=\"3dc19eef\" data-element_type=\"section\" data-e-type=\"section\" data-settings=\"{&quot;background_background&quot;:&quot;classic&quot;}\">\n\t\t\t\t\t\t\t<div class=\"elementor-background-overlay\"><\/div>\n\t\t\t\t\t\t\t<div class=\"elementor-container elementor-column-gap-default\">\n\t\t\t\t\t<div class=\"elementor-column elementor-col-50 elementor-top-column elementor-element elementor-element-542f93fb\" data-id=\"542f93fb\" data-element_type=\"column\" data-e-type=\"column\">\n\t\t\t<div class=\"elementor-widget-wrap elementor-element-populated\">\n\t\t\t\t\t\t<div class=\"elementor-element elementor-element-812db85 elementor-widget elementor-widget-heading\" data-id=\"812db85\" data-element_type=\"widget\" data-e-type=\"widget\" data-widget_type=\"heading.default\">\n\t\t\t\t<div class=\"elementor-widget-container\">\n\t\t\t\t\t<h1 class=\"elementor-heading-title elementor-size-default\">PERSONALEXPRESS KG - P\u00c1LY\u00c1Z\u00d3K<\/h1>\t\t\t\t<\/div>\n\t\t\t\t<\/div>\n\t\t\t\t<div class=\"elementor-element elementor-element-16a8b031 elementor-widget elementor-widget-heading\" data-id=\"16a8b031\" data-element_type=\"widget\" data-e-type=\"widget\" data-widget_type=\"heading.default\">\n\t\t\t\t<div class=\"elementor-widget-container\">\n\t\t\t\t\t<h2 class=\"elementor-heading-title elementor-size-default\">P\u00e1ly\u00e1z\u00f3k toborz\u00e1sa: Az \u00faj \u00e1ll\u00e1s csak n\u00e9h\u00e1ny kattint\u00e1snyira van<\/h2>\t\t\t\t<\/div>\n\t\t\t\t<\/div>\n\t\t\t\t<div class=\"elementor-element elementor-element-53d59af9 elementor-widget elementor-widget-text-editor\" data-id=\"53d59af9\" data-element_type=\"widget\" data-e-type=\"widget\" data-widget_type=\"text-editor.default\">\n\t\t\t\t<div class=\"elementor-widget-container\">\n\t\t\t\t\t\t\t\t\tHa \u00faj szakmai kih\u00edv\u00e1st keres, nem kell t\u00f6bb\u00e9 sz\u00e1mtalan \u00e1ll\u00e1saj\u00e1nlatot \u00e1tvizsg\u00e1lnia. A Personalexpress mindenf\u00e9le ker\u00fcl\u0151\u00fat n\u00e9lk\u00fcl tal\u00e1l \u00d6nnek megfelel\u0151 munkaad\u00f3t. Szakmunk\u00e1sk\u00e9nt csak n\u00e9h\u00e1ny tulajdons\u00e1got kell mag\u00e1val hoznia: Megb\u00edzhat\u00f3s\u00e1got \u00e9s hozz\u00e1\u00e9rt\u00e9st, de p\u00e9ld\u00e1ul rugalmass\u00e1got, motiv\u00e1ci\u00f3t \u00e9s munkakedvet is. Ha \u00d6n is k\u00e9pes csapatban dolgozni \u00e9s tanulni, akkor sz\u00edvesen l\u00e1tjuk c\u00e9g\u00fcnkn\u00e9l. Hiszen az \u00d6n sikere a mi siker\u00fcnk is, \u00e9s csak akkor vagyunk el\u00e9gedettek, ha olyan munk\u00e1t tudunk \u00d6nnek k\u00edn\u00e1lni, amely optim\u00e1lisan megfelel az \u00d6n k\u00e9pzetts\u00e9g\u00e9nek. A legjobb, ha m\u00e9g ma megismerkedik vel\u00fcnk, \u00e9s elindul egy sikeres \u00e9s biztos szakmai j\u00f6v\u0151 fel\u00e9!\t\t\t\t\t\t\t\t<\/div>\n\t\t\t\t<\/div>\n\t\t\t\t<div class=\"elementor-element elementor-element-1eeb88f elementor-mobile-align-justify elbtn elementor-align-left elementor-widget elementor-widget-button\" data-id=\"1eeb88f\" data-element_type=\"widget\" data-e-type=\"widget\" data-widget_type=\"button.default\">\n\t\t\t\t<div class=\"elementor-widget-container\">\n\t\t\t\t\t\t\t\t\t<div class=\"elementor-button-wrapper\">\n\t\t\t\t\t<a class=\"elementor-button elementor-button-link elementor-size-sm\" href=\"https:\/\/personalexpress.de\/hu\/bewerben\/\">\n\t\t\t\t\t\t<span class=\"elementor-button-content-wrapper\">\n\t\t\t\t\t\t<span class=\"elementor-button-icon\">\n\t\t\t\t<i aria-hidden=\"true\" class=\"far fa-paper-plane\"><\/i>\t\t\t<\/span>\n\t\t\t\t\t\t\t\t\t<span class=\"elementor-button-text\">Jelentkezzen most<\/span>\n\t\t\t\t\t<\/span>\n\t\t\t\t\t<\/a>\n\t\t\t\t<\/div>\n\t\t\t\t\t\t\t\t<\/div>\n\t\t\t\t<\/div>\n\t\t\t\t\t<\/div>\n\t\t<\/div>\n\t\t\t\t<div class=\"elementor-column elementor-col-50 elementor-top-column elementor-element elementor-element-15f1e152\" data-id=\"15f1e152\" data-element_type=\"column\" data-e-type=\"column\">\n\t\t\t<div class=\"elementor-widget-wrap elementor-element-populated\">\n\t\t\t\t\t\t<div class=\"elementor-element elementor-element-764fbfbc elementor-grid-1 elementor-grid-tablet-2 e-grid-align-right e-grid-align-tablet-left elementor-shape-rounded elementor-widget elementor-widget-social-icons\" data-id=\"764fbfbc\" data-element_type=\"widget\" data-e-type=\"widget\" data-widget_type=\"social-icons.default\">\n\t\t\t\t<div class=\"elementor-widget-container\">\n\t\t\t\t\t\t\t<div class=\"elementor-social-icons-wrapper elementor-grid\" role=\"list\">\n\t\t\t\t\t\t\t<span class=\"elementor-grid-item\" role=\"listitem\">\n\t\t\t\t\t<a class=\"elementor-icon elementor-social-icon elementor-social-icon-facebook-f elementor-repeater-item-bacdc66\" href=\"https:\/\/www.facebook.com\/www.personalexpress.de\/\" target=\"_blank\">\n\t\t\t\t\t\t<span class=\"elementor-screen-only\">Facebook-f<\/span>\n\t\t\t\t\t\t<i aria-hidden=\"true\" class=\"fab fa-facebook-f\"><\/i>\t\t\t\t\t<\/a>\n\t\t\t\t<\/span>\n\t\t\t\t\t\t\t<span class=\"elementor-grid-item\" role=\"listitem\">\n\t\t\t\t\t<a class=\"elementor-icon elementor-social-icon elementor-social-icon-instagram elementor-repeater-item-74e846c\" href=\"https:\/\/www.instagram.com\/personalexpress_kg\/\" target=\"_blank\" rel=\"noopener\">\n\t\t\t\t\t\t<span class=\"elementor-screen-only\">Instagram<\/span>\n\t\t\t\t\t\t<i aria-hidden=\"true\" class=\"fab fa-instagram\"><\/i>\t\t\t\t\t<\/a>\n\t\t\t\t<\/span>\n\t\t\t\t\t<\/div>\n\t\t\t\t\t\t<\/div>\n\t\t\t\t<\/div>\n\t\t\t\t\t<\/div>\n\t\t<\/div>\n\t\t\t\t\t<\/div>\n\t\t<\/section>\n\t\t\t\t<section class=\"elementor-section elementor-top-section elementor-element elementor-element-a37ef3b elementor-section-content-middle elementor-section-boxed elementor-section-height-default elementor-section-height-default\" data-id=\"a37ef3b\" data-element_type=\"section\" data-e-type=\"section\" data-settings=\"{&quot;background_background&quot;:&quot;classic&quot;}\">\n\t\t\t\t\t\t<div class=\"elementor-container elementor-column-gap-default\">\n\t\t\t\t\t<div class=\"elementor-column elementor-col-100 elementor-top-column elementor-element elementor-element-5e6653fd\" data-id=\"5e6653fd\" data-element_type=\"column\" data-e-type=\"column\">\n\t\t\t<div class=\"elementor-widget-wrap elementor-element-populated\">\n\t\t\t\t\t\t<div class=\"elementor-element elementor-element-76a0ccec elementor-widget elementor-widget-heading\" data-id=\"76a0ccec\" data-element_type=\"widget\" data-e-type=\"widget\" data-widget_type=\"heading.default\">\n\t\t\t\t<div class=\"elementor-widget-container\">\n\t\t\t\t\t<h2 class=\"elementor-heading-title elementor-size-default\">Jelenlegi \u00fcres \u00e1ll\u00e1shelyek<\/h2>\t\t\t\t<\/div>\n\t\t\t\t<\/div>\n\t\t\t\t<section class=\"elementor-section elementor-inner-section elementor-element elementor-element-41eb14f0 elementor-section-full_width elementor-section-height-default elementor-section-height-default\" data-id=\"41eb14f0\" data-element_type=\"section\" data-e-type=\"section\">\n\t\t\t\t\t\t<div class=\"elementor-container elementor-column-gap-default\">\n\t\t\t\t\t<div class=\"elementor-column elementor-col-33 elementor-inner-column elementor-element elementor-element-1fdeced0\" data-id=\"1fdeced0\" data-element_type=\"column\" data-e-type=\"column\" data-settings=\"{&quot;background_background&quot;:&quot;classic&quot;}\">\n\t\t\t<div class=\"elementor-widget-wrap elementor-element-populated\">\n\t\t\t\t\t\t<div class=\"elementor-element elementor-element-17293182 elementor-widget elementor-widget-image\" data-id=\"17293182\" data-element_type=\"widget\" data-e-type=\"widget\" data-widget_type=\"image.default\">\n\t\t\t\t<div class=\"elementor-widget-container\">\n\t\t\t\t\t\t\t\t\t\t\t\t\t\t\t<img fetchpriority=\"high\" decoding=\"async\" width=\"500\" height=\"500\" src=\"https:\/\/personalexpress.de\/wp-content\/uploads\/2023\/09\/elektroinstallateur-personalexpress-kg-500x500-1.jpg\" class=\"attachment-full size-full wp-image-107\" alt=\"\" srcset=\"https:\/\/personalexpress.de\/wp-content\/uploads\/2023\/09\/elektroinstallateur-personalexpress-kg-500x500-1.jpg 500w, https:\/\/personalexpress.de\/wp-content\/uploads\/2023\/09\/elektroinstallateur-personalexpress-kg-500x500-1-300x300.jpg 300w, https:\/\/personalexpress.de\/wp-content\/uploads\/2023\/09\/elektroinstallateur-personalexpress-kg-500x500-1-150x150.jpg 150w, https:\/\/personalexpress.de\/wp-content\/uploads\/2023\/09\/elektroinstallateur-personalexpress-kg-500x500-1-12x12.jpg 12w\" sizes=\"(max-width: 500px) 100vw, 500px\" \/>\t\t\t\t\t\t\t\t\t\t\t\t\t\t\t<\/div>\n\t\t\t\t<\/div>\n\t\t\t\t<section class=\"elementor-section elementor-inner-section elementor-element elementor-element-aa25177 elementor-section-height-min-height elementor-section-boxed elementor-section-height-default\" data-id=\"aa25177\" data-element_type=\"section\" data-e-type=\"section\">\n\t\t\t\t\t\t<div class=\"elementor-container elementor-column-gap-default\">\n\t\t\t\t\t<div class=\"elementor-column elementor-col-100 elementor-inner-column elementor-element elementor-element-30adb6a\" data-id=\"30adb6a\" data-element_type=\"column\" data-e-type=\"column\" data-settings=\"{&quot;background_background&quot;:&quot;classic&quot;}\">\n\t\t\t<div class=\"elementor-widget-wrap elementor-element-populated\">\n\t\t\t\t\t\t<div class=\"elementor-element elementor-element-83e3cc3 elementor-widget elementor-widget-heading\" data-id=\"83e3cc3\" data-element_type=\"widget\" data-e-type=\"widget\" data-widget_type=\"heading.default\">\n\t\t\t\t<div class=\"elementor-widget-container\">\n\t\t\t\t\t<h3 class=\"elementor-heading-title elementor-size-default\">Villanyszerel\u0151 \/ in<\/h3>\t\t\t\t<\/div>\n\t\t\t\t<\/div>\n\t\t\t\t\t<\/div>\n\t\t<\/div>\n\t\t\t\t\t<\/div>\n\t\t<\/section>\n\t\t\t\t\t<\/div>\n\t\t<\/div>\n\t\t\t\t<div class=\"elementor-column elementor-col-33 elementor-inner-column elementor-element elementor-element-7cc4d733\" data-id=\"7cc4d733\" data-element_type=\"column\" data-e-type=\"column\" data-settings=\"{&quot;background_background&quot;:&quot;classic&quot;}\">\n\t\t\t<div class=\"elementor-widget-wrap elementor-element-populated\">\n\t\t\t\t\t\t<div class=\"elementor-element elementor-element-4c108fbe elementor-widget elementor-widget-image\" data-id=\"4c108fbe\" data-element_type=\"widget\" data-e-type=\"widget\" data-widget_type=\"image.default\">\n\t\t\t\t<div class=\"elementor-widget-container\">\n\t\t\t\t\t\t\t\t\t\t\t\t\t\t\t<img decoding=\"async\" width=\"500\" height=\"500\" src=\"https:\/\/personalexpress.de\/wp-content\/uploads\/2023\/09\/baumaschinenmechaniker-personalexpress-kg-500x500-1.jpg\" class=\"attachment-full size-full wp-image-108\" alt=\"\" srcset=\"https:\/\/personalexpress.de\/wp-content\/uploads\/2023\/09\/baumaschinenmechaniker-personalexpress-kg-500x500-1.jpg 500w, https:\/\/personalexpress.de\/wp-content\/uploads\/2023\/09\/baumaschinenmechaniker-personalexpress-kg-500x500-1-300x300.jpg 300w, https:\/\/personalexpress.de\/wp-content\/uploads\/2023\/09\/baumaschinenmechaniker-personalexpress-kg-500x500-1-150x150.jpg 150w, https:\/\/personalexpress.de\/wp-content\/uploads\/2023\/09\/baumaschinenmechaniker-personalexpress-kg-500x500-1-12x12.jpg 12w\" sizes=\"(max-width: 500px) 100vw, 500px\" \/>\t\t\t\t\t\t\t\t\t\t\t\t\t\t\t<\/div>\n\t\t\t\t<\/div>\n\t\t\t\t<section class=\"elementor-section elementor-inner-section elementor-element elementor-element-8ddca54 elementor-section-height-min-height elementor-section-boxed elementor-section-height-default\" data-id=\"8ddca54\" data-element_type=\"section\" data-e-type=\"section\">\n\t\t\t\t\t\t<div class=\"elementor-container elementor-column-gap-default\">\n\t\t\t\t\t<div class=\"elementor-column elementor-col-100 elementor-inner-column elementor-element elementor-element-7cddf23\" data-id=\"7cddf23\" data-element_type=\"column\" data-e-type=\"column\" data-settings=\"{&quot;background_background&quot;:&quot;classic&quot;}\">\n\t\t\t<div class=\"elementor-widget-wrap elementor-element-populated\">\n\t\t\t\t\t\t<div class=\"elementor-element elementor-element-924460c elementor-widget elementor-widget-heading\" data-id=\"924460c\" data-element_type=\"widget\" data-e-type=\"widget\" data-widget_type=\"heading.default\">\n\t\t\t\t<div class=\"elementor-widget-container\">\n\t\t\t\t\t<h3 class=\"elementor-heading-title elementor-size-default\">\u00c9p\u00edt\u0151ipari g\u00e9pszerel\u0151 \/ in<\/h3>\t\t\t\t<\/div>\n\t\t\t\t<\/div>\n\t\t\t\t\t<\/div>\n\t\t<\/div>\n\t\t\t\t\t<\/div>\n\t\t<\/section>\n\t\t\t\t\t<\/div>\n\t\t<\/div>\n\t\t\t\t<div class=\"elementor-column elementor-col-33 elementor-inner-column elementor-element elementor-element-5523e4b\" data-id=\"5523e4b\" data-element_type=\"column\" data-e-type=\"column\" data-settings=\"{&quot;background_background&quot;:&quot;classic&quot;}\">\n\t\t\t<div class=\"elementor-widget-wrap elementor-element-populated\">\n\t\t\t\t\t\t<div class=\"elementor-element elementor-element-383a7d28 elementor-widget elementor-widget-image\" data-id=\"383a7d28\" data-element_type=\"widget\" data-e-type=\"widget\" data-widget_type=\"image.default\">\n\t\t\t\t<div class=\"elementor-widget-container\">\n\t\t\t\t\t\t\t\t\t\t\t\t\t\t\t<img decoding=\"async\" width=\"500\" height=\"500\" src=\"https:\/\/personalexpress.de\/wp-content\/uploads\/2023\/09\/heizungs-sanitaerinstallateur-personalexpress-kg-500x500-1.jpg\" class=\"attachment-full size-full wp-image-109\" alt=\"\" srcset=\"https:\/\/personalexpress.de\/wp-content\/uploads\/2023\/09\/heizungs-sanitaerinstallateur-personalexpress-kg-500x500-1.jpg 500w, https:\/\/personalexpress.de\/wp-content\/uploads\/2023\/09\/heizungs-sanitaerinstallateur-personalexpress-kg-500x500-1-300x300.jpg 300w, https:\/\/personalexpress.de\/wp-content\/uploads\/2023\/09\/heizungs-sanitaerinstallateur-personalexpress-kg-500x500-1-150x150.jpg 150w, https:\/\/personalexpress.de\/wp-content\/uploads\/2023\/09\/heizungs-sanitaerinstallateur-personalexpress-kg-500x500-1-12x12.jpg 12w\" sizes=\"(max-width: 500px) 100vw, 500px\" \/>\t\t\t\t\t\t\t\t\t\t\t\t\t\t\t<\/div>\n\t\t\t\t<\/div>\n\t\t\t\t<section class=\"elementor-section elementor-inner-section elementor-element elementor-element-9a40c34 elementor-section-height-min-height elementor-section-boxed elementor-section-height-default\" data-id=\"9a40c34\" data-element_type=\"section\" data-e-type=\"section\">\n\t\t\t\t\t\t<div class=\"elementor-container elementor-column-gap-default\">\n\t\t\t\t\t<div class=\"elementor-column elementor-col-100 elementor-inner-column elementor-element elementor-element-c5fef5c\" data-id=\"c5fef5c\" data-element_type=\"column\" data-e-type=\"column\" data-settings=\"{&quot;background_background&quot;:&quot;classic&quot;}\">\n\t\t\t<div class=\"elementor-widget-wrap elementor-element-populated\">\n\t\t\t\t\t\t<div class=\"elementor-element elementor-element-6a182a6 elementor-widget elementor-widget-heading\" data-id=\"6a182a6\" data-element_type=\"widget\" data-e-type=\"widget\" data-widget_type=\"heading.default\">\n\t\t\t\t<div class=\"elementor-widget-container\">\n\t\t\t\t\t<h3 class=\"elementor-heading-title elementor-size-default\">F\u0171t\u00e9s- \u00e9s v\u00edzvezet\u00e9k-szerel\u0151<\/h3>\t\t\t\t<\/div>\n\t\t\t\t<\/div>\n\t\t\t\t\t<\/div>\n\t\t<\/div>\n\t\t\t\t\t<\/div>\n\t\t<\/section>\n\t\t\t\t\t<\/div>\n\t\t<\/div>\n\t\t\t\t\t<\/div>\n\t\t<\/section>\n\t\t\t\t<section class=\"elementor-section elementor-inner-section elementor-element elementor-element-2cd39d6 elementor-section-full_width elementor-section-height-default elementor-section-height-default\" data-id=\"2cd39d6\" data-element_type=\"section\" data-e-type=\"section\">\n\t\t\t\t\t\t<div class=\"elementor-container elementor-column-gap-default\">\n\t\t\t\t\t<div class=\"elementor-column elementor-col-33 elementor-inner-column elementor-element elementor-element-58251b7\" data-id=\"58251b7\" data-element_type=\"column\" data-e-type=\"column\" data-settings=\"{&quot;background_background&quot;:&quot;classic&quot;}\">\n\t\t\t<div class=\"elementor-widget-wrap elementor-element-populated\">\n\t\t\t\t\t\t<div class=\"elementor-element elementor-element-57d0324 elementor-widget elementor-widget-image\" data-id=\"57d0324\" data-element_type=\"widget\" data-e-type=\"widget\" data-widget_type=\"image.default\">\n\t\t\t\t<div class=\"elementor-widget-container\">\n\t\t\t\t\t\t\t\t\t\t\t\t\t\t\t<img loading=\"lazy\" decoding=\"async\" width=\"500\" height=\"500\" src=\"https:\/\/personalexpress.de\/wp-content\/uploads\/2023\/09\/kalteanlagenbauer-personalexpress-kg-500x500-1.jpg\" class=\"attachment-full size-full wp-image-110\" alt=\"\" srcset=\"https:\/\/personalexpress.de\/wp-content\/uploads\/2023\/09\/kalteanlagenbauer-personalexpress-kg-500x500-1.jpg 500w, https:\/\/personalexpress.de\/wp-content\/uploads\/2023\/09\/kalteanlagenbauer-personalexpress-kg-500x500-1-300x300.jpg 300w, https:\/\/personalexpress.de\/wp-content\/uploads\/2023\/09\/kalteanlagenbauer-personalexpress-kg-500x500-1-150x150.jpg 150w, https:\/\/personalexpress.de\/wp-content\/uploads\/2023\/09\/kalteanlagenbauer-personalexpress-kg-500x500-1-12x12.jpg 12w\" sizes=\"(max-width: 500px) 100vw, 500px\" \/>\t\t\t\t\t\t\t\t\t\t\t\t\t\t\t<\/div>\n\t\t\t\t<\/div>\n\t\t\t\t<section class=\"elementor-section elementor-inner-section elementor-element elementor-element-ce7b018 elementor-section-height-min-height elementor-section-boxed elementor-section-height-default\" data-id=\"ce7b018\" data-element_type=\"section\" data-e-type=\"section\">\n\t\t\t\t\t\t<div class=\"elementor-container elementor-column-gap-default\">\n\t\t\t\t\t<div class=\"elementor-column elementor-col-100 elementor-inner-column elementor-element elementor-element-c9b036a\" data-id=\"c9b036a\" data-element_type=\"column\" data-e-type=\"column\" data-settings=\"{&quot;background_background&quot;:&quot;classic&quot;}\">\n\t\t\t<div class=\"elementor-widget-wrap elementor-element-populated\">\n\t\t\t\t\t\t<div class=\"elementor-element elementor-element-e16329c elementor-widget elementor-widget-heading\" data-id=\"e16329c\" data-element_type=\"widget\" data-e-type=\"widget\" data-widget_type=\"heading.default\">\n\t\t\t\t<div class=\"elementor-widget-container\">\n\t\t\t\t\t<h3 class=\"elementor-heading-title elementor-size-default\">H\u0171t\u0151rendszer-\u00e9p\u00edt\u0151 \/ in<\/h3>\t\t\t\t<\/div>\n\t\t\t\t<\/div>\n\t\t\t\t\t<\/div>\n\t\t<\/div>\n\t\t\t\t\t<\/div>\n\t\t<\/section>\n\t\t\t\t\t<\/div>\n\t\t<\/div>\n\t\t\t\t<div class=\"elementor-column elementor-col-33 elementor-inner-column elementor-element elementor-element-e041759\" data-id=\"e041759\" data-element_type=\"column\" data-e-type=\"column\" data-settings=\"{&quot;background_background&quot;:&quot;classic&quot;}\">\n\t\t\t<div class=\"elementor-widget-wrap elementor-element-populated\">\n\t\t\t\t\t\t<div class=\"elementor-element elementor-element-41c0ac8 elementor-widget elementor-widget-image\" data-id=\"41c0ac8\" data-element_type=\"widget\" data-e-type=\"widget\" data-widget_type=\"image.default\">\n\t\t\t\t<div class=\"elementor-widget-container\">\n\t\t\t\t\t\t\t\t\t\t\t\t\t\t\t<img loading=\"lazy\" decoding=\"async\" width=\"500\" height=\"500\" src=\"https:\/\/personalexpress.de\/wp-content\/uploads\/2023\/09\/industriemechaniker-personalexpress-kg-500x500-1.jpg\" class=\"attachment-full size-full wp-image-111\" alt=\"\" srcset=\"https:\/\/personalexpress.de\/wp-content\/uploads\/2023\/09\/industriemechaniker-personalexpress-kg-500x500-1.jpg 500w, https:\/\/personalexpress.de\/wp-content\/uploads\/2023\/09\/industriemechaniker-personalexpress-kg-500x500-1-300x300.jpg 300w, https:\/\/personalexpress.de\/wp-content\/uploads\/2023\/09\/industriemechaniker-personalexpress-kg-500x500-1-150x150.jpg 150w, https:\/\/personalexpress.de\/wp-content\/uploads\/2023\/09\/industriemechaniker-personalexpress-kg-500x500-1-12x12.jpg 12w\" sizes=\"(max-width: 500px) 100vw, 500px\" \/>\t\t\t\t\t\t\t\t\t\t\t\t\t\t\t<\/div>\n\t\t\t\t<\/div>\n\t\t\t\t<section class=\"elementor-section elementor-inner-section elementor-element elementor-element-8ea89aa elementor-section-height-min-height elementor-section-boxed elementor-section-height-default\" data-id=\"8ea89aa\" data-element_type=\"section\" data-e-type=\"section\">\n\t\t\t\t\t\t<div class=\"elementor-container elementor-column-gap-default\">\n\t\t\t\t\t<div class=\"elementor-column elementor-col-100 elementor-inner-column elementor-element elementor-element-752719b\" data-id=\"752719b\" data-element_type=\"column\" data-e-type=\"column\" data-settings=\"{&quot;background_background&quot;:&quot;classic&quot;}\">\n\t\t\t<div class=\"elementor-widget-wrap elementor-element-populated\">\n\t\t\t\t\t\t<div class=\"elementor-element elementor-element-04006ff elementor-widget elementor-widget-heading\" data-id=\"04006ff\" data-element_type=\"widget\" data-e-type=\"widget\" data-widget_type=\"heading.default\">\n\t\t\t\t<div class=\"elementor-widget-container\">\n\t\t\t\t\t<h3 class=\"elementor-heading-title elementor-size-default\">Ipari g\u00e9p\u00e9sz \/ in<\/h3>\t\t\t\t<\/div>\n\t\t\t\t<\/div>\n\t\t\t\t\t<\/div>\n\t\t<\/div>\n\t\t\t\t\t<\/div>\n\t\t<\/section>\n\t\t\t\t\t<\/div>\n\t\t<\/div>\n\t\t\t\t<div class=\"elementor-column elementor-col-33 elementor-inner-column elementor-element elementor-element-bf3d319\" data-id=\"bf3d319\" data-element_type=\"column\" data-e-type=\"column\" data-settings=\"{&quot;background_background&quot;:&quot;classic&quot;}\">\n\t\t\t<div class=\"elementor-widget-wrap elementor-element-populated\">\n\t\t\t\t\t<div class=\"elementor-background-overlay\"><\/div>\n\t\t\t\t\t\t<div class=\"elementor-element elementor-element-39a43f0 elementor-view-default elementor-widget elementor-widget-icon\" data-id=\"39a43f0\" data-element_type=\"widget\" data-e-type=\"widget\" data-widget_type=\"icon.default\">\n\t\t\t\t<div class=\"elementor-widget-container\">\n\t\t\t\t\t\t\t<div class=\"elementor-icon-wrapper\">\n\t\t\t<a class=\"elementor-icon\" href=\"https:\/\/personalexpress.de\/hu\/bewerben\/\">\n\t\t\t<i aria-hidden=\"true\" class=\"far fa-paper-plane\"><\/i>\t\t\t<\/a>\n\t\t<\/div>\n\t\t\t\t\t\t<\/div>\n\t\t\t\t<\/div>\n\t\t\t\t<div class=\"elementor-element elementor-element-2f4fbf5 elementor-widget elementor-widget-spacer\" data-id=\"2f4fbf5\" data-element_type=\"widget\" data-e-type=\"widget\" data-widget_type=\"spacer.default\">\n\t\t\t\t<div class=\"elementor-widget-container\">\n\t\t\t\t\t\t\t<div class=\"elementor-spacer\">\n\t\t\t<div class=\"elementor-spacer-inner\"><\/div>\n\t\t<\/div>\n\t\t\t\t\t\t<\/div>\n\t\t\t\t<\/div>\n\t\t\t\t<div class=\"elementor-element elementor-element-4930b8b elementor-align-center elementor-widget elementor-widget-button\" data-id=\"4930b8b\" data-element_type=\"widget\" data-e-type=\"widget\" data-widget_type=\"button.default\">\n\t\t\t\t<div class=\"elementor-widget-container\">\n\t\t\t\t\t\t\t\t\t<div class=\"elementor-button-wrapper\">\n\t\t\t\t\t<a class=\"elementor-button elementor-button-link elementor-size-sm\" href=\"https:\/\/personalexpress.de\/hu\/bewerben\/\">\n\t\t\t\t\t\t<span class=\"elementor-button-content-wrapper\">\n\t\t\t\t\t\t\t\t\t<span class=\"elementor-button-text\">JELENTKEZZ MOST<\/span>\n\t\t\t\t\t<\/span>\n\t\t\t\t\t<\/a>\n\t\t\t\t<\/div>\n\t\t\t\t\t\t\t\t<\/div>\n\t\t\t\t<\/div>\n\t\t\t\t\t<\/div>\n\t\t<\/div>\n\t\t\t\t\t<\/div>\n\t\t<\/section>\n\t\t\t\t\t<\/div>\n\t\t<\/div>\n\t\t\t\t\t<\/div>\n\t\t<\/section>\n\t\t\t\t<\/div>","protected":false},"excerpt":{"rendered":"<p>PERSONALEXPRESS KG &#8211; BEWERBER Personalvermittlung f\u00fcr Bewerber:innen: Ihre neue Arbeitsstelle ist nur wenige Klicks entfernt Wenn Sie eine neue berufliche Herausforderung suchen, m\u00fcssen Sie k\u00fcnftig keine zahllosen Stellenangebote mehr durchforsten. Die Firma Personalexpress vermittelt Sie ohne Umwege an einen passenden Arbeitgeber. Sie m\u00fcssen als Fachkraft lediglich ein paar Eigenschaften mitbringen: Zuverl\u00e4ssigkeit und Kompetenz beispielsweise, aber [&hellip;]<\/p>\n","protected":false},"author":1,"featured_media":0,"parent":0,"menu_order":0,"comment_status":"closed","ping_status":"closed","template":"","meta":{"footnotes":""},"class_list":["post-102","page","type-page","status-publish","hentry"],"_links":{"self":[{"href":"https:\/\/personalexpress.de\/hu\/wp-json\/wp\/v2\/pages\/102","targetHints":{"allow":["GET"]}}],"collection":[{"href":"https:\/\/personalexpress.de\/hu\/wp-json\/wp\/v2\/pages"}],"about":[{"href":"https:\/\/personalexpress.de\/hu\/wp-json\/wp\/v2\/types\/page"}],"author":[{"embeddable":true,"href":"https:\/\/personalexpress.de\/hu\/wp-json\/wp\/v2\/users\/1"}],"replies":[{"embeddable":true,"href":"https:\/\/personalexpress.de\/hu\/wp-json\/wp\/v2\/comments?post=102"}],"version-history":[{"count":52,"href":"https:\/\/personalexpress.de\/hu\/wp-json\/wp\/v2\/pages\/102\/revisions"}],"predecessor-version":[{"id":695,"href":"https:\/\/personalexpress.de\/hu\/wp-json\/wp\/v2\/pages\/102\/revisions\/695"}],"wp:attachment":[{"href":"https:\/\/personalexpress.de\/hu\/wp-json\/wp\/v2\/media?parent=102"}],"curies":[{"name":"wp","href":"https:\/\/api.w.org\/{rel}","templated":true}]}}